{"id":13645,"date":"2021-11-22T23:15:58","date_gmt":"2021-11-22T23:15:58","guid":{"rendered":"https:\/\/fussini.com\/?post_type=product&#038;p=13645"},"modified":"2022-10-19T20:07:30","modified_gmt":"2022-10-20T00:07:30","slug":"eagles","status":"publish","type":"product","link":"https:\/\/fussini.com\/es\/urun\/eagles\/","title":{"rendered":"\u00c1guilas"},"content":{"rendered":"<div data-elementor-type=\"wp-post\" data-elementor-id=\"13645\" class=\"elementor elementor-13645\" data-elementor-post-type=\"product\">\n\t\t\t\t\t\t<section class=\"wd-negative-gap elementor-section elementor-top-section elementor-element elementor-element-89712b3 elementor-section-content-top elementor-section-boxed elementor-section-height-default elementor-section-height-default\" data-id=\"89712b3\" data-element_type=\"section\">\n\t\t\t\t\t\t<div class=\"elementor-container elementor-column-gap-default\">\n\t\t\t\t\t<div class=\"elementor-column elementor-col-100 elementor-top-column elementor-element elementor-element-ae36a0e\" data-id=\"ae36a0e\" data-element_type=\"column\">\n\t\t\t<div class=\"elementor-widget-wrap elementor-element-populated\">\n\t\t\t\t\t\t<div class=\"elementor-element elementor-element-a3a2b30 color-scheme-inherit text-left elementor-widget elementor-widget-text-editor\" data-id=\"a3a2b30\" data-element_type=\"widget\" data-widget_type=\"text-editor.default\">\n\t\t\t\t<div class=\"elementor-widget-container\">\n\t\t\t\t\t\t\t\t\t<p>\u00a0<\/p><p>Para las personas que prosperan con la diferencia y la perfecci\u00f3n, Fussini convierte sus juguetes de lujo en una joya.<\/p>\t\t\t\t\t\t\t\t<\/div>\n\t\t\t\t<\/div>\n\t\t\t\t\t<\/div>\n\t\t<\/div>\n\t\t\t\t\t<\/div>\n\t\t<\/section>\n\t\t\t\t<\/div>","protected":false},"excerpt":{"rendered":"<p>Revestimiento del casco con \u00e1rbol de teca combinado con un \u00e1guila y las alas de \u00e1guila a lo largo del s\u00edmbolo de Fussini con oro de 22 quilates y tanzanita - $ 98,000<\/p>","protected":false},"featured_media":13648,"comment_status":"open","ping_status":"closed","template":"","meta":[],"product_brand":[],"product_cat":[31],"product_tag":[],"class_list":{"0":"post-13645","1":"product","2":"type-product","3":"status-publish","4":"has-post-thumbnail","6":"product_cat-helmets","8":"first","9":"instock","10":"shipping-taxable","11":"purchasable","12":"product-type-simple"},"_links":{"self":[{"href":"https:\/\/fussini.com\/es\/wp-json\/wp\/v2\/product\/13645","targetHints":{"allow":["GET"]}}],"collection":[{"href":"https:\/\/fussini.com\/es\/wp-json\/wp\/v2\/product"}],"about":[{"href":"https:\/\/fussini.com\/es\/wp-json\/wp\/v2\/types\/product"}],"replies":[{"embeddable":true,"href":"https:\/\/fussini.com\/es\/wp-json\/wp\/v2\/comments?post=13645"}],"version-history":[{"count":3,"href":"https:\/\/fussini.com\/es\/wp-json\/wp\/v2\/product\/13645\/revisions"}],"predecessor-version":[{"id":15750,"href":"https:\/\/fussini.com\/es\/wp-json\/wp\/v2\/product\/13645\/revisions\/15750"}],"wp:featuredmedia":[{"embeddable":true,"href":"https:\/\/fussini.com\/es\/wp-json\/wp\/v2\/media\/13648"}],"wp:attachment":[{"href":"https:\/\/fussini.com\/es\/wp-json\/wp\/v2\/media?parent=13645"}],"wp:term":[{"taxonomy":"product_brand","embeddable":true,"href":"https:\/\/fussini.com\/es\/wp-json\/wp\/v2\/product_brand?post=13645"},{"taxonomy":"product_cat","embeddable":true,"href":"https:\/\/fussini.com\/es\/wp-json\/wp\/v2\/product_cat?post=13645"},{"taxonomy":"product_tag","embeddable":true,"href":"https:\/\/fussini.com\/es\/wp-json\/wp\/v2\/product_tag?post=13645"}],"curies":[{"name":"wp","href":"https:\/\/api.w.org\/{rel}","templated":true}]}}