{"id":12147,"date":"2021-11-06T11:56:54","date_gmt":"2021-11-06T11:56:54","guid":{"rendered":"http:\/\/fussini.com\/?page_id=12147"},"modified":"2021-12-15T19:54:31","modified_gmt":"2021-12-15T19:54:31","slug":"faq","status":"publish","type":"page","link":"https:\/\/fussini.com\/fr\/faq\/","title":{"rendered":"FAQ"},"content":{"rendered":"<div data-elementor-type=\"wp-page\" data-elementor-id=\"12147\" class=\"elementor elementor-12147\" data-elementor-post-type=\"page\">\n\t\t\t\t\t\t<section class=\"wd-negative-gap elementor-section elementor-top-section elementor-element elementor-element-93e4a36 elementor-section-boxed elementor-section-height-default elementor-section-height-default\" data-id=\"93e4a36\" data-element_type=\"section\">\n\t\t\t\t\t\t<div class=\"elementor-container elementor-column-gap-default\">\n\t\t\t\t\t<div class=\"elementor-column elementor-col-100 elementor-top-column elementor-element elementor-element-aef5818\" data-id=\"aef5818\" data-element_type=\"column\">\n\t\t\t<div class=\"elementor-widget-wrap elementor-element-populated\">\n\t\t\t\t\t\t<div class=\"elementor-element elementor-element-e04c5d6 elementor-widget elementor-widget-accordion\" data-id=\"e04c5d6\" data-element_type=\"widget\" data-widget_type=\"accordion.default\">\n\t\t\t\t<div class=\"elementor-widget-container\">\n\t\t\t\t\t\t\t<div class=\"elementor-accordion\">\n\t\t\t\t\t\t\t<div class=\"elementor-accordion-item\">\n\t\t\t\t\t<div id=\"elementor-tab-title-2351\" class=\"elementor-tab-title\" data-tab=\"1\" role=\"button\" aria-controls=\"elementor-tab-content-2351\" aria-expanded=\"false\">\n\t\t\t\t\t\t\t\t\t\t\t\t\t<span class=\"elementor-accordion-icon elementor-accordion-icon-left\" aria-hidden=\"true\">\n\t\t\t\t\t\t\t\t\t\t\t\t\t\t\t<span class=\"elementor-accordion-icon-closed\"><i class=\"fas fa-plus\"><\/i><\/span>\n\t\t\t\t\t\t\t\t<span class=\"elementor-accordion-icon-opened\"><i class=\"fas fa-minus\"><\/i><\/span>\n\t\t\t\t\t\t\t\t\t\t\t\t\t\t<\/span>\n\t\t\t\t\t\t\t\t\t\t\t\t<a class=\"elementor-accordion-title\" tabindex=\"0\">Quelles sont les options de livraison disponibles sur le Fussini ?<\/a>\n\t\t\t\t\t<\/div>\n\t\t\t\t\t<div id=\"elementor-tab-content-2351\" class=\"elementor-tab-content elementor-clearfix\" data-tab=\"1\" role=\"region\" aria-labelledby=\"elementor-tab-title-2351\"><p>Actuellement, nous exp\u00e9dions via FedEx (2 jours et nuit) aux \u00c9tats-Unis, au Canada et dans les territoires am\u00e9ricains. Pour la commodit\u00e9 de nos clients, nous offrons une exp\u00e9dition gratuite de 2 jours sur toutes les commandes.<\/p><\/div>\n\t\t\t\t<\/div>\n\t\t\t\t\t\t\t<div class=\"elementor-accordion-item\">\n\t\t\t\t\t<div id=\"elementor-tab-title-2352\" class=\"elementor-tab-title\" data-tab=\"2\" role=\"button\" aria-controls=\"elementor-tab-content-2352\" aria-expanded=\"false\">\n\t\t\t\t\t\t\t\t\t\t\t\t\t<span class=\"elementor-accordion-icon elementor-accordion-icon-left\" aria-hidden=\"true\">\n\t\t\t\t\t\t\t\t\t\t\t\t\t\t\t<span class=\"elementor-accordion-icon-closed\"><i class=\"fas fa-plus\"><\/i><\/span>\n\t\t\t\t\t\t\t\t<span class=\"elementor-accordion-icon-opened\"><i class=\"fas fa-minus\"><\/i><\/span>\n\t\t\t\t\t\t\t\t\t\t\t\t\t\t<\/span>\n\t\t\t\t\t\t\t\t\t\t\t\t<a class=\"elementor-accordion-title\" tabindex=\"0\">Quels modes de paiement sont accept\u00e9s sur le Fussini ?<\/a>\n\t\t\t\t\t<\/div>\n\t\t\t\t\t<div id=\"elementor-tab-content-2352\" class=\"elementor-tab-content elementor-clearfix\" data-tab=\"2\" role=\"region\" aria-labelledby=\"elementor-tab-title-2352\"><p>Nous acceptons les modes de paiement suivants pour les commandes pass\u00e9es sur FussiniAmerican Express, Visa, Master Card, Discover, Debit Cards et les cartes-cadeaux Fussini. Pour votre commodit\u00e9, les informations de votre carte de cr\u00e9dit peuvent \u00eatre stock\u00e9es dans votre compte Fussini. Il s'agit d'informations s\u00e9curis\u00e9es auxquelles personne d'autre que le titulaire du compte n'a acc\u00e8s. Pour plus d'informations, consultez notre. Pour plus de s\u00e9curit\u00e9, votre adresse de facturation chez Fussini doit correspondre exactement \u00e0 l'adresse enregistr\u00e9e dans le dossier de votre soci\u00e9t\u00e9 de carte de cr\u00e9dit. Le traitement de votre commande peut \u00eatre retard\u00e9 si ces adresses sont diff\u00e9rentes.<\/p><\/div>\n\t\t\t\t<\/div>\n\t\t\t\t\t\t\t<div class=\"elementor-accordion-item\">\n\t\t\t\t\t<div id=\"elementor-tab-title-2353\" class=\"elementor-tab-title\" data-tab=\"3\" role=\"button\" aria-controls=\"elementor-tab-content-2353\" aria-expanded=\"false\">\n\t\t\t\t\t\t\t\t\t\t\t\t\t<span class=\"elementor-accordion-icon elementor-accordion-icon-left\" aria-hidden=\"true\">\n\t\t\t\t\t\t\t\t\t\t\t\t\t\t\t<span class=\"elementor-accordion-icon-closed\"><i class=\"fas fa-plus\"><\/i><\/span>\n\t\t\t\t\t\t\t\t<span class=\"elementor-accordion-icon-opened\"><i class=\"fas fa-minus\"><\/i><\/span>\n\t\t\t\t\t\t\t\t\t\t\t\t\t\t<\/span>\n\t\t\t\t\t\t\t\t\t\t\t\t<a class=\"elementor-accordion-title\" tabindex=\"0\">Puis-je exp\u00e9dier ma commande vers un emplacement international ?<\/a>\n\t\t\t\t\t<\/div>\n\t\t\t\t\t<div id=\"elementor-tab-content-2353\" class=\"elementor-tab-content elementor-clearfix\" data-tab=\"3\" role=\"region\" aria-labelledby=\"elementor-tab-title-2353\"><div class=\"accordion-inner\"><div class=\"accordion-inner\"><p>Oui, nous pouvons exp\u00e9dier vers la plupart des destinations internationales aux frais du client. Tous les frais d'exp\u00e9dition, de douane et de douane sont \u00e0 la charge du client.<\/p><\/div><div class=\"accordion-title\">\u00a0<\/div><\/div><div class=\"accordion-title\">\u00a0<\/div><\/div>\n\t\t\t\t<\/div>\n\t\t\t\t\t\t\t<div class=\"elementor-accordion-item\">\n\t\t\t\t\t<div id=\"elementor-tab-title-2354\" class=\"elementor-tab-title\" data-tab=\"4\" role=\"button\" aria-controls=\"elementor-tab-content-2354\" aria-expanded=\"false\">\n\t\t\t\t\t\t\t\t\t\t\t\t\t<span class=\"elementor-accordion-icon elementor-accordion-icon-left\" aria-hidden=\"true\">\n\t\t\t\t\t\t\t\t\t\t\t\t\t\t\t<span class=\"elementor-accordion-icon-closed\"><i class=\"fas fa-plus\"><\/i><\/span>\n\t\t\t\t\t\t\t\t<span class=\"elementor-accordion-icon-opened\"><i class=\"fas fa-minus\"><\/i><\/span>\n\t\t\t\t\t\t\t\t\t\t\t\t\t\t<\/span>\n\t\t\t\t\t\t\t\t\t\t\t\t<a class=\"elementor-accordion-title\" tabindex=\"0\">Mon achat Fussini arrivera-t-il dans un emballage cadeau ?<\/a>\n\t\t\t\t\t<\/div>\n\t\t\t\t\t<div id=\"elementor-tab-content-2354\" class=\"elementor-tab-content elementor-clearfix\" data-tab=\"4\" role=\"region\" aria-labelledby=\"elementor-tab-title-2354\"><div class=\"accordion-inner\"><div class=\"accordion-inner\"><div class=\"accordion-inner\"><p>Oui. Il sera emball\u00e9 dans notre emballage exclusif Fussini. Un certificat d'authenticit\u00e9 et des chiffons de polissage sont joints.<\/p><\/div><div class=\"accordion-title\">\u00a0<\/div><\/div><div class=\"accordion-title\">\u00a0<\/div><\/div><div class=\"accordion-title\">\u00a0<\/div><\/div>\n\t\t\t\t<\/div>\n\t\t\t\t\t\t\t<div class=\"elementor-accordion-item\">\n\t\t\t\t\t<div id=\"elementor-tab-title-2355\" class=\"elementor-tab-title\" data-tab=\"5\" role=\"button\" aria-controls=\"elementor-tab-content-2355\" aria-expanded=\"false\">\n\t\t\t\t\t\t\t\t\t\t\t\t\t<span class=\"elementor-accordion-icon elementor-accordion-icon-left\" aria-hidden=\"true\">\n\t\t\t\t\t\t\t\t\t\t\t\t\t\t\t<span class=\"elementor-accordion-icon-closed\"><i class=\"fas fa-plus\"><\/i><\/span>\n\t\t\t\t\t\t\t\t<span class=\"elementor-accordion-icon-opened\"><i class=\"fas fa-minus\"><\/i><\/span>\n\t\t\t\t\t\t\t\t\t\t\t\t\t\t<\/span>\n\t\t\t\t\t\t\t\t\t\t\t\t<a class=\"elementor-accordion-title\" tabindex=\"0\">Puis-je inclure un message cadeau personnalis\u00e9 avec mon achat ?<\/a>\n\t\t\t\t\t<\/div>\n\t\t\t\t\t<div id=\"elementor-tab-content-2355\" class=\"elementor-tab-content elementor-clearfix\" data-tab=\"5\" role=\"region\" aria-labelledby=\"elementor-tab-title-2355\"><div class=\"accordion-inner\"><div class=\"accordion-inner\"><div class=\"accordion-inner\"><div class=\"accordion-inner\"><div class=\"accordion-inner\"><p>Oui. Vous pouvez saisir un message cadeau personnalis\u00e9 lors du paiement.<\/p><\/div><div class=\"accordion-title\">\u00a0<\/div><\/div><div class=\"accordion-title\">\u00a0<\/div><\/div><\/div><\/div><\/div>\n\t\t\t\t<\/div>\n\t\t\t\t\t\t\t<div class=\"elementor-accordion-item\">\n\t\t\t\t\t<div id=\"elementor-tab-title-2356\" class=\"elementor-tab-title\" data-tab=\"6\" role=\"button\" aria-controls=\"elementor-tab-content-2356\" aria-expanded=\"false\">\n\t\t\t\t\t\t\t\t\t\t\t\t\t<span class=\"elementor-accordion-icon elementor-accordion-icon-left\" aria-hidden=\"true\">\n\t\t\t\t\t\t\t\t\t\t\t\t\t\t\t<span class=\"elementor-accordion-icon-closed\"><i class=\"fas fa-plus\"><\/i><\/span>\n\t\t\t\t\t\t\t\t<span class=\"elementor-accordion-icon-opened\"><i class=\"fas fa-minus\"><\/i><\/span>\n\t\t\t\t\t\t\t\t\t\t\t\t\t\t<\/span>\n\t\t\t\t\t\t\t\t\t\t\t\t<a class=\"elementor-accordion-title\" tabindex=\"0\">Est-ce que toutes les marchandises Fussini sont disponibles \u00e0 l'achat en ligne ?<\/a>\n\t\t\t\t\t<\/div>\n\t\t\t\t\t<div id=\"elementor-tab-content-2356\" class=\"elementor-tab-content elementor-clearfix\" data-tab=\"6\" role=\"region\" aria-labelledby=\"elementor-tab-title-2356\"><div class=\"accordion-inner\"><div class=\"accordion-inner\"><div class=\"accordion-inner\"><div class=\"accordion-inner\"><div class=\"accordion-inner\"><div class=\"accordion-inner\"><p>Notre site Web propose un assortiment s\u00e9lectionn\u00e9 de nos styles les plus r\u00e9cents et les plus populaires. Si notre site Web n'a pas actuellement l'article ou la taille que vous recherchez, nous pouvons l'avoir disponible dans une boutique Fussini. Pour en savoir plus sur d'autres produits, styles ou tailles, veuillez nous envoyer un e-mail ou visiter une boutique Fussini. Localisez une boutique Fussini pr\u00e8s de chez vous.<\/p><\/div><div class=\"accordion-title\">\u00a0<\/div><\/div><div class=\"accordion-title\">\u00a0<\/div><\/div><div class=\"accordion-title\">\u00a0<\/div><\/div><\/div><\/div><\/div>\n\t\t\t\t<\/div>\n\t\t\t\t\t\t\t\t<\/div>\n\t\t\t\t\t\t<\/div>\n\t\t\t\t<\/div>\n\t\t\t\t\t<\/div>\n\t\t<\/div>\n\t\t\t\t\t<\/div>\n\t\t<\/section>\n\t\t\t\t<\/div>","protected":false},"excerpt":{"rendered":"<p>What shipping options are available on the Fussini ? Currently, we ship via FedEx (2-Day and Overnight) to the U.S.,<\/p>","protected":false},"author":1,"featured_media":0,"parent":0,"menu_order":0,"comment_status":"closed","ping_status":"closed","template":"","meta":{"footnotes":""},"class_list":["post-12147","page","type-page","status-publish","hentry"],"_links":{"self":[{"href":"https:\/\/fussini.com\/fr\/wp-json\/wp\/v2\/pages\/12147","targetHints":{"allow":["GET"]}}],"collection":[{"href":"https:\/\/fussini.com\/fr\/wp-json\/wp\/v2\/pages"}],"about":[{"href":"https:\/\/fussini.com\/fr\/wp-json\/wp\/v2\/types\/page"}],"author":[{"embeddable":true,"href":"https:\/\/fussini.com\/fr\/wp-json\/wp\/v2\/users\/1"}],"replies":[{"embeddable":true,"href":"https:\/\/fussini.com\/fr\/wp-json\/wp\/v2\/comments?post=12147"}],"version-history":[{"count":19,"href":"https:\/\/fussini.com\/fr\/wp-json\/wp\/v2\/pages\/12147\/revisions"}],"predecessor-version":[{"id":15772,"href":"https:\/\/fussini.com\/fr\/wp-json\/wp\/v2\/pages\/12147\/revisions\/15772"}],"wp:attachment":[{"href":"https:\/\/fussini.com\/fr\/wp-json\/wp\/v2\/media?parent=12147"}],"curies":[{"name":"wp","href":"https:\/\/api.w.org\/{rel}","templated":true}]}}