{"id":13189,"date":"2021-11-08T10:45:19","date_gmt":"2021-11-08T10:45:19","guid":{"rendered":"http:\/\/fussini.com\/?page_id=13189"},"modified":"2021-11-08T13:46:36","modified_gmt":"2021-11-08T13:46:36","slug":"shipping-services","status":"publish","type":"page","link":"https:\/\/fussini.com\/fr\/shipping-services\/","title":{"rendered":"Services d'exp\u00e9dition"},"content":{"rendered":"<div data-elementor-type=\"wp-page\" data-elementor-id=\"13189\" class=\"elementor elementor-13189\" data-elementor-post-type=\"page\">\n\t\t\t\t\t\t<section class=\"wd-negative-gap elementor-section elementor-top-section elementor-element elementor-element-3eab933 elementor-section-boxed elementor-section-height-default elementor-section-height-default\" data-id=\"3eab933\" data-element_type=\"section\">\n\t\t\t\t\t\t<div class=\"elementor-container elementor-column-gap-default\">\n\t\t\t\t\t<div class=\"elementor-column elementor-col-100 elementor-top-column elementor-element elementor-element-7861932\" data-id=\"7861932\" data-element_type=\"column\">\n\t\t\t<div class=\"elementor-widget-wrap elementor-element-populated\">\n\t\t\t\t\t\t<div class=\"elementor-element elementor-element-f3fee2b color-scheme-inherit text-left elementor-widget elementor-widget-text-editor\" data-id=\"f3fee2b\" data-element_type=\"widget\" data-widget_type=\"text-editor.default\">\n\t\t\t\t<div class=\"elementor-widget-container\">\n\t\t\t\t\t\t\t\t\t<p>Nous nous engageons \u00e0 rendre toute votre exp\u00e9rience agr\u00e9able, des achats \u00e0 l'exp\u00e9dition.<\/p><h2>Livraison gratuite<\/h2><p>Nous offrons une livraison rapide et gratuite sur chaque commande.<\/p><h2>Emballage assur\u00e9 et discret<\/h2><p>Notre bo\u00eete d'exp\u00e9dition assur\u00e9e ne r\u00e9v\u00e9lera pas ce qu'il y a \u00e0 l'int\u00e9rieur.<\/p><h2>Option de ramassage s\u00e9curis\u00e9e et pratique<\/h2><p>Vous pouvez choisir d'exp\u00e9dier votre commande \u00e0 un point de retrait FedEx.<\/p>\t\t\t\t\t\t\t\t<\/div>\n\t\t\t\t<\/div>\n\t\t\t\t\t<\/div>\n\t\t<\/div>\n\t\t\t\t\t<\/div>\n\t\t<\/section>\n\t\t\t\t<\/div>","protected":false},"excerpt":{"rendered":"<p>We\u2019re committed to making your entire experience a pleasant one, from shopping to shipping. Free Shipping We offer fast and<\/p>","protected":false},"author":1,"featured_media":0,"parent":0,"menu_order":0,"comment_status":"closed","ping_status":"closed","template":"","meta":{"footnotes":""},"class_list":["post-13189","page","type-page","status-publish","hentry"],"_links":{"self":[{"href":"https:\/\/fussini.com\/fr\/wp-json\/wp\/v2\/pages\/13189","targetHints":{"allow":["GET"]}}],"collection":[{"href":"https:\/\/fussini.com\/fr\/wp-json\/wp\/v2\/pages"}],"about":[{"href":"https:\/\/fussini.com\/fr\/wp-json\/wp\/v2\/types\/page"}],"author":[{"embeddable":true,"href":"https:\/\/fussini.com\/fr\/wp-json\/wp\/v2\/users\/1"}],"replies":[{"embeddable":true,"href":"https:\/\/fussini.com\/fr\/wp-json\/wp\/v2\/comments?post=13189"}],"version-history":[{"count":4,"href":"https:\/\/fussini.com\/fr\/wp-json\/wp\/v2\/pages\/13189\/revisions"}],"predecessor-version":[{"id":13242,"href":"https:\/\/fussini.com\/fr\/wp-json\/wp\/v2\/pages\/13189\/revisions\/13242"}],"wp:attachment":[{"href":"https:\/\/fussini.com\/fr\/wp-json\/wp\/v2\/media?parent=13189"}],"curies":[{"name":"wp","href":"https:\/\/api.w.org\/{rel}","templated":true}]}}