{"id":12147,"date":"2021-11-06T11:56:54","date_gmt":"2021-11-06T11:56:54","guid":{"rendered":"http:\/\/fussini.com\/?page_id=12147"},"modified":"2021-12-15T19:54:31","modified_gmt":"2021-12-15T19:54:31","slug":"faq","status":"publish","type":"page","link":"https:\/\/fussini.com\/tr\/faq\/","title":{"rendered":"SSS"},"content":{"rendered":"<div data-elementor-type=\"wp-page\" data-elementor-id=\"12147\" class=\"elementor elementor-12147\" data-elementor-post-type=\"page\">\n\t\t\t\t\t\t<section class=\"wd-negative-gap elementor-section elementor-top-section elementor-element elementor-element-93e4a36 elementor-section-boxed elementor-section-height-default elementor-section-height-default\" data-id=\"93e4a36\" data-element_type=\"section\">\n\t\t\t\t\t\t<div class=\"elementor-container elementor-column-gap-default\">\n\t\t\t\t\t<div class=\"elementor-column elementor-col-100 elementor-top-column elementor-element elementor-element-aef5818\" data-id=\"aef5818\" data-element_type=\"column\">\n\t\t\t<div class=\"elementor-widget-wrap elementor-element-populated\">\n\t\t\t\t\t\t<div class=\"elementor-element elementor-element-e04c5d6 elementor-widget elementor-widget-accordion\" data-id=\"e04c5d6\" data-element_type=\"widget\" data-widget_type=\"accordion.default\">\n\t\t\t\t<div class=\"elementor-widget-container\">\n\t\t\t\t\t\t\t<div class=\"elementor-accordion\">\n\t\t\t\t\t\t\t<div class=\"elementor-accordion-item\">\n\t\t\t\t\t<div id=\"elementor-tab-title-2351\" class=\"elementor-tab-title\" data-tab=\"1\" role=\"button\" aria-controls=\"elementor-tab-content-2351\" aria-expanded=\"false\">\n\t\t\t\t\t\t\t\t\t\t\t\t\t<span class=\"elementor-accordion-icon elementor-accordion-icon-left\" aria-hidden=\"true\">\n\t\t\t\t\t\t\t\t\t\t\t\t\t\t\t<span class=\"elementor-accordion-icon-closed\"><i class=\"fas fa-plus\"><\/i><\/span>\n\t\t\t\t\t\t\t\t<span class=\"elementor-accordion-icon-opened\"><i class=\"fas fa-minus\"><\/i><\/span>\n\t\t\t\t\t\t\t\t\t\t\t\t\t\t<\/span>\n\t\t\t\t\t\t\t\t\t\t\t\t<a class=\"elementor-accordion-title\" tabindex=\"0\">Fussini'de hangi nakliye se\u00e7enekleri mevcut?<\/a>\n\t\t\t\t\t<\/div>\n\t\t\t\t\t<div id=\"elementor-tab-content-2351\" class=\"elementor-tab-content elementor-clearfix\" data-tab=\"1\" role=\"region\" aria-labelledby=\"elementor-tab-title-2351\"><p>\u015eu anda ABD, Kanada ve ABD B\u00f6lgelerine FedEx (2 G\u00fcn ve Gecelik) arac\u0131l\u0131\u011f\u0131yla g\u00f6nderiyoruz. M\u00fc\u015fterilerimize kolayl\u0131k olmas\u0131 i\u00e7in t\u00fcm sipari\u015flerde 2 g\u00fcnde \u00fccretsiz kargo imkan\u0131 sunuyoruz.<\/p><\/div>\n\t\t\t\t<\/div>\n\t\t\t\t\t\t\t<div class=\"elementor-accordion-item\">\n\t\t\t\t\t<div id=\"elementor-tab-title-2352\" class=\"elementor-tab-title\" data-tab=\"2\" role=\"button\" aria-controls=\"elementor-tab-content-2352\" aria-expanded=\"false\">\n\t\t\t\t\t\t\t\t\t\t\t\t\t<span class=\"elementor-accordion-icon elementor-accordion-icon-left\" aria-hidden=\"true\">\n\t\t\t\t\t\t\t\t\t\t\t\t\t\t\t<span class=\"elementor-accordion-icon-closed\"><i class=\"fas fa-plus\"><\/i><\/span>\n\t\t\t\t\t\t\t\t<span class=\"elementor-accordion-icon-opened\"><i class=\"fas fa-minus\"><\/i><\/span>\n\t\t\t\t\t\t\t\t\t\t\t\t\t\t<\/span>\n\t\t\t\t\t\t\t\t\t\t\t\t<a class=\"elementor-accordion-title\" tabindex=\"0\">Fussini'de hangi \u00f6deme y\u00f6ntemleri kabul edilir?<\/a>\n\t\t\t\t\t<\/div>\n\t\t\t\t\t<div id=\"elementor-tab-content-2352\" class=\"elementor-tab-content elementor-clearfix\" data-tab=\"2\" role=\"region\" aria-labelledby=\"elementor-tab-title-2352\"><p>FussiniAmerican Express, Visa, Master Card, Discover, Banka Kartlar\u0131 ve Fussini hediye kartlar\u0131na verilen sipari\u015fler i\u00e7in a\u015fa\u011f\u0131daki \u00f6deme \u015fekillerini kabul ediyoruz. Size kolayl\u0131k sa\u011flamak i\u00e7in, kredi kart\u0131 bilgileriniz Fussini hesab\u0131n\u0131zda saklanabilir. Bu g\u00fcvenli bilgilerdir ve hesap sahibi d\u0131\u015f\u0131nda hi\u00e7 kimse taraf\u0131ndan eri\u015filemez. Daha fazla bilgi i\u00e7in bkz. Ek g\u00fcvenlik i\u00e7in, Fussini'deki fatura adresiniz, kredi kart\u0131 \u015firketinizde kay\u0131tl\u0131 adresle tam olarak e\u015fle\u015fmelidir. Bu adreslerin farkl\u0131 olmas\u0131 durumunda sipari\u015finizin i\u015flenmesi gecikebilir.<\/p><\/div>\n\t\t\t\t<\/div>\n\t\t\t\t\t\t\t<div class=\"elementor-accordion-item\">\n\t\t\t\t\t<div id=\"elementor-tab-title-2353\" class=\"elementor-tab-title\" data-tab=\"3\" role=\"button\" aria-controls=\"elementor-tab-content-2353\" aria-expanded=\"false\">\n\t\t\t\t\t\t\t\t\t\t\t\t\t<span class=\"elementor-accordion-icon elementor-accordion-icon-left\" aria-hidden=\"true\">\n\t\t\t\t\t\t\t\t\t\t\t\t\t\t\t<span class=\"elementor-accordion-icon-closed\"><i class=\"fas fa-plus\"><\/i><\/span>\n\t\t\t\t\t\t\t\t<span class=\"elementor-accordion-icon-opened\"><i class=\"fas fa-minus\"><\/i><\/span>\n\t\t\t\t\t\t\t\t\t\t\t\t\t\t<\/span>\n\t\t\t\t\t\t\t\t\t\t\t\t<a class=\"elementor-accordion-title\" tabindex=\"0\">Sipari\u015fimi uluslararas\u0131 bir yere g\u00f6nderebilir miyim?<\/a>\n\t\t\t\t\t<\/div>\n\t\t\t\t\t<div id=\"elementor-tab-content-2353\" class=\"elementor-tab-content elementor-clearfix\" data-tab=\"3\" role=\"region\" aria-labelledby=\"elementor-tab-title-2353\"><div class=\"accordion-inner\"><div class=\"accordion-inner\"><p>Evet, masraflar\u0131 m\u00fc\u015fteriye ait olmak \u00fczere \u00e7o\u011fu uluslararas\u0131 lokasyona g\u00f6nderim yapabiliriz. T\u00fcm nakliye, g\u00fcmr\u00fck ve g\u00fcmr\u00fck \u00fccretleri m\u00fc\u015fterinin sorumlulu\u011fundad\u0131r.<\/p><\/div><div class=\"accordion-title\">\u00a0<\/div><\/div><div class=\"accordion-title\">\u00a0<\/div><\/div>\n\t\t\t\t<\/div>\n\t\t\t\t\t\t\t<div class=\"elementor-accordion-item\">\n\t\t\t\t\t<div id=\"elementor-tab-title-2354\" class=\"elementor-tab-title\" data-tab=\"4\" role=\"button\" aria-controls=\"elementor-tab-content-2354\" aria-expanded=\"false\">\n\t\t\t\t\t\t\t\t\t\t\t\t\t<span class=\"elementor-accordion-icon elementor-accordion-icon-left\" aria-hidden=\"true\">\n\t\t\t\t\t\t\t\t\t\t\t\t\t\t\t<span class=\"elementor-accordion-icon-closed\"><i class=\"fas fa-plus\"><\/i><\/span>\n\t\t\t\t\t\t\t\t<span class=\"elementor-accordion-icon-opened\"><i class=\"fas fa-minus\"><\/i><\/span>\n\t\t\t\t\t\t\t\t\t\t\t\t\t\t<\/span>\n\t\t\t\t\t\t\t\t\t\t\t\t<a class=\"elementor-accordion-title\" tabindex=\"0\">Fussini al\u0131\u015fveri\u015fim hediye paketiyle mi gelecek?<\/a>\n\t\t\t\t\t<\/div>\n\t\t\t\t\t<div id=\"elementor-tab-content-2354\" class=\"elementor-tab-content elementor-clearfix\" data-tab=\"4\" role=\"region\" aria-labelledby=\"elementor-tab-title-2354\"><div class=\"accordion-inner\"><div class=\"accordion-inner\"><div class=\"accordion-inner\"><p>Evet. \u00d6zel Fussini ambalaj\u0131m\u0131za sar\u0131lacakt\u0131r. Orijinallik sertifikas\u0131 ve cila bezleri ektedir.<\/p><\/div><div class=\"accordion-title\">\u00a0<\/div><\/div><div class=\"accordion-title\">\u00a0<\/div><\/div><div class=\"accordion-title\">\u00a0<\/div><\/div>\n\t\t\t\t<\/div>\n\t\t\t\t\t\t\t<div class=\"elementor-accordion-item\">\n\t\t\t\t\t<div id=\"elementor-tab-title-2355\" class=\"elementor-tab-title\" data-tab=\"5\" role=\"button\" aria-controls=\"elementor-tab-content-2355\" aria-expanded=\"false\">\n\t\t\t\t\t\t\t\t\t\t\t\t\t<span class=\"elementor-accordion-icon elementor-accordion-icon-left\" aria-hidden=\"true\">\n\t\t\t\t\t\t\t\t\t\t\t\t\t\t\t<span class=\"elementor-accordion-icon-closed\"><i class=\"fas fa-plus\"><\/i><\/span>\n\t\t\t\t\t\t\t\t<span class=\"elementor-accordion-icon-opened\"><i class=\"fas fa-minus\"><\/i><\/span>\n\t\t\t\t\t\t\t\t\t\t\t\t\t\t<\/span>\n\t\t\t\t\t\t\t\t\t\t\t\t<a class=\"elementor-accordion-title\" tabindex=\"0\">Sat\u0131n alma i\u015flemime ki\u015fiselle\u015ftirilmi\u015f bir hediye mesaj\u0131 ekleyebilir miyim?<\/a>\n\t\t\t\t\t<\/div>\n\t\t\t\t\t<div id=\"elementor-tab-content-2355\" class=\"elementor-tab-content elementor-clearfix\" data-tab=\"5\" role=\"region\" aria-labelledby=\"elementor-tab-title-2355\"><div class=\"accordion-inner\"><div class=\"accordion-inner\"><div class=\"accordion-inner\"><div class=\"accordion-inner\"><div class=\"accordion-inner\"><p>Evet. \u00d6deme s\u0131ras\u0131nda ki\u015fiselle\u015ftirilmi\u015f bir hediye mesaj\u0131 girebilirsiniz.<\/p><\/div><div class=\"accordion-title\">\u00a0<\/div><\/div><div class=\"accordion-title\">\u00a0<\/div><\/div><\/div><\/div><\/div>\n\t\t\t\t<\/div>\n\t\t\t\t\t\t\t<div class=\"elementor-accordion-item\">\n\t\t\t\t\t<div id=\"elementor-tab-title-2356\" class=\"elementor-tab-title\" data-tab=\"6\" role=\"button\" aria-controls=\"elementor-tab-content-2356\" aria-expanded=\"false\">\n\t\t\t\t\t\t\t\t\t\t\t\t\t<span class=\"elementor-accordion-icon elementor-accordion-icon-left\" aria-hidden=\"true\">\n\t\t\t\t\t\t\t\t\t\t\t\t\t\t\t<span class=\"elementor-accordion-icon-closed\"><i class=\"fas fa-plus\"><\/i><\/span>\n\t\t\t\t\t\t\t\t<span class=\"elementor-accordion-icon-opened\"><i class=\"fas fa-minus\"><\/i><\/span>\n\t\t\t\t\t\t\t\t\t\t\t\t\t\t<\/span>\n\t\t\t\t\t\t\t\t\t\t\t\t<a class=\"elementor-accordion-title\" tabindex=\"0\">T\u00fcm Fussini \u00fcr\u00fcnleri \u00e7evrimi\u00e7i olarak sat\u0131n al\u0131nabilir mi?<\/a>\n\t\t\t\t\t<\/div>\n\t\t\t\t\t<div id=\"elementor-tab-content-2356\" class=\"elementor-tab-content elementor-clearfix\" data-tab=\"6\" role=\"region\" aria-labelledby=\"elementor-tab-title-2356\"><div class=\"accordion-inner\"><div class=\"accordion-inner\"><div class=\"accordion-inner\"><div class=\"accordion-inner\"><div class=\"accordion-inner\"><div class=\"accordion-inner\"><p>Web sitemiz, en yeni ve en pop\u00fcler stillerimizden se\u00e7ilmi\u015f bir \u00fcr\u00fcn yelpazesi sunar. Web sitemizde arad\u0131\u011f\u0131n\u0131z \u00fcr\u00fcn veya beden mevcut de\u011filse, bir Fussini buti\u011finde bulabiliriz. Ek \u00fcr\u00fcnler, stiller veya boyutlar hakk\u0131nda bilgi edinmek i\u00e7in l\u00fctfen B\u0130ZE E-POSTA g\u00f6nderin veya bir Fussini buti\u011fini ziyaret edin. Size yak\u0131n bir Fussini buti\u011fi bulun.<\/p><\/div><div class=\"accordion-title\">\u00a0<\/div><\/div><div class=\"accordion-title\">\u00a0<\/div><\/div><div class=\"accordion-title\">\u00a0<\/div><\/div><\/div><\/div><\/div>\n\t\t\t\t<\/div>\n\t\t\t\t\t\t\t\t<\/div>\n\t\t\t\t\t\t<\/div>\n\t\t\t\t<\/div>\n\t\t\t\t\t<\/div>\n\t\t<\/div>\n\t\t\t\t\t<\/div>\n\t\t<\/section>\n\t\t\t\t<\/div>","protected":false},"excerpt":{"rendered":"<p>What shipping options are available on the Fussini ? Currently, we ship via FedEx (2-Day and Overnight) to the U.S.,<\/p>","protected":false},"author":1,"featured_media":0,"parent":0,"menu_order":0,"comment_status":"closed","ping_status":"closed","template":"","meta":{"footnotes":""},"class_list":["post-12147","page","type-page","status-publish","hentry"],"_links":{"self":[{"href":"https:\/\/fussini.com\/tr\/wp-json\/wp\/v2\/pages\/12147","targetHints":{"allow":["GET"]}}],"collection":[{"href":"https:\/\/fussini.com\/tr\/wp-json\/wp\/v2\/pages"}],"about":[{"href":"https:\/\/fussini.com\/tr\/wp-json\/wp\/v2\/types\/page"}],"author":[{"embeddable":true,"href":"https:\/\/fussini.com\/tr\/wp-json\/wp\/v2\/users\/1"}],"replies":[{"embeddable":true,"href":"https:\/\/fussini.com\/tr\/wp-json\/wp\/v2\/comments?post=12147"}],"version-history":[{"count":19,"href":"https:\/\/fussini.com\/tr\/wp-json\/wp\/v2\/pages\/12147\/revisions"}],"predecessor-version":[{"id":15772,"href":"https:\/\/fussini.com\/tr\/wp-json\/wp\/v2\/pages\/12147\/revisions\/15772"}],"wp:attachment":[{"href":"https:\/\/fussini.com\/tr\/wp-json\/wp\/v2\/media?parent=12147"}],"curies":[{"name":"wp","href":"https:\/\/api.w.org\/{rel}","templated":true}]}}