{"id":13,"date":"2021-11-08T10:45:56","date_gmt":"2021-11-08T10:45:56","guid":{"rendered":"http:\/\/fussini.com\/?page_id=13"},"modified":"2021-12-15T19:52:35","modified_gmt":"2021-12-15T19:52:35","slug":"refund_returns","status":"publish","type":"page","link":"https:\/\/fussini.com\/tr\/refund_returns\/","title":{"rendered":"\u0130ade ve \u0130ade Politikas\u0131"},"content":{"rendered":"<div data-elementor-type=\"wp-page\" data-elementor-id=\"13\" class=\"elementor elementor-13\" data-elementor-post-type=\"page\">\n\t\t\t\t\t\t<section class=\"wd-negative-gap elementor-section elementor-top-section elementor-element elementor-element-ff0b07e elementor-section-boxed elementor-section-height-default elementor-section-height-default\" data-id=\"ff0b07e\" data-element_type=\"section\">\n\t\t\t\t\t\t<div class=\"elementor-container elementor-column-gap-default\">\n\t\t\t\t\t<div class=\"elementor-column elementor-col-100 elementor-top-column elementor-element elementor-element-c29a4c4\" data-id=\"c29a4c4\" data-element_type=\"column\">\n\t\t\t<div class=\"elementor-widget-wrap elementor-element-populated\">\n\t\t\t\t\t\t<div class=\"elementor-element elementor-element-229849f color-scheme-inherit text-left elementor-widget elementor-widget-text-editor\" data-id=\"229849f\" data-element_type=\"widget\" data-widget_type=\"text-editor.default\">\n\t\t\t\t<div class=\"elementor-widget-container\">\n\t\t\t\t\t\t\t\t\t<p><strong>7 G\u00dcN \u0130ADE GARANT\u0130S\u0130<\/strong><\/p><p>7 g\u00fcnl\u00fck para iade garantimiz, sat\u0131n alma i\u015fleminizin m\u00fckemmel oldu\u011fundan emin olman\u0131z i\u00e7in size zaman tan\u0131r. Herhangi bir nedenle iade etmeniz gerekirse, size memnuniyetle bir de\u011fi\u015fim veya tam geri \u00f6deme yapar\u0131z.<\/p><h2>PayPal \u0130adeleri<\/h2><p class=\"translation-block\">PayPal sipari\u015fleri, kredi i\u00e7in PayPal hesab\u0131n\u0131za iade edilebilir. Hesab\u0131n\u0131z\u0131n kredilendirilmesi i\u00e7in l\u00fctfen 2 haftaya kadar bekleyin.<strong> \u0130ade Politikam\u0131z<\/strong><\/p><p>\u00dcr\u00fcn\u00fcm\u00fczden tam olarak memnun kalman\u0131z garanti edilir veya \u00fcr\u00fcnler, bir \u0130ade \u00dcr\u00fcn Yetkilendirmesi ile sevk edildi\u011fi tarihten itibaren yedi g\u00fcn i\u00e7inde iade edilebilir veya de\u011fi\u015ftirilebilir. Yaln\u0131zca iade nakliye ve sigorta \u00fccretlerini \u00f6dersiniz. \u0130\u00e7inde sevk edilen sipari\u015flerde iade yetkisi almak i\u00e7in Amerika Birle\u015fik Devletleri a\u015fa\u011f\u0131da belirtilen ad\u0131mlar\u0131 takip eder.<\/p><p>\u00dcr\u00fcnlerin iadeye uygun olmas\u0131 i\u00e7in orijinal sat\u0131n alma ko\u015fullar\u0131nda olmas\u0131, t\u00fcm \u00fcr\u00fcn belgelerini i\u00e7ermesi ve 15 g\u00fcn i\u00e7inde g\u00f6nderilmesi gerekti\u011fini l\u00fctfen unutmay\u0131n.<\/p><p>Farkl\u0131 bir \u00fcr\u00fcnle al\u0131\u015fveri\u015fi h\u0131zland\u0131rmak i\u00e7in, geri \u00f6deme i\u00e7in geri d\u00f6nmenizi ve yeni bir sipari\u015f vermenizi \u00f6neririz. L\u00fctfen geri \u00f6demenizin i\u015fleme koyulmas\u0131 i\u00e7in yakla\u015f\u0131k 2 hafta bekleyin.<\/p><p>Size teslim edilen bir paket veya \u00fcr\u00fcn hasarl\u0131 bir \u015fekilde ula\u015f\u0131rsa, l\u00fctfen g\u00f6nderiyi reddedin veya hemen +561.889.2025 numaral\u0131 telefondan bizi aray\u0131n. Fussini taraf\u0131ndan aksi belirtilmedik\u00e7e, l\u00fctfen t\u00fcm paketleme malzemelerini saklay\u0131n. Hasarl\u0131 veya eksik \u00fcr\u00fcn talepleri, sipari\u015finizin al\u0131nmas\u0131ndan itibaren hemen veya 3 g\u00fcn i\u00e7inde bildirilmelidir. Fussini, iade edilen g\u00f6nderilerin kaybolmas\u0131ndan veya hasar g\u00f6rmesinden sorumlu olmayacakt\u0131r.<\/p><p>\u00a0<\/p><p>500 ABD Dolar\u0131n\u0131n \u00fczerindeki m\u00fcnferit \u00fcr\u00fcnler ve de\u011fi\u015fim, onar\u0131m, yeniden boyutland\u0131rma veya hasar veya kusur bildirmek i\u00e7in l\u00fctfen +561.889.2025 numaral\u0131 telefondan, g\u00fcnde 24 saat, haftan\u0131n 7 g\u00fcn\u00fc bir Fussini Dan\u0131\u015fman\u0131 aray\u0131n. Bunlar \u00e7evrimi\u00e7i olarak kurulamaz ve yard\u0131m gerektirir. E\u015fyalar\u0131n\u0131z\u0131 orijinal ambalaj malzemeleriyle, tamamen sigortal\u0131 olarak g\u00fcvenli bir \u015fekilde paketlemenizi \u00f6neririz. <strong>We are not responsible for lost or stolen articles.<\/strong><\/p><p>\u0130adeler, \u00fcr\u00fcnler Lojistik Merkezimize ula\u015ft\u0131ktan sonra hafta i\u00e7i i\u015flenir. \u0130ade etti\u011finiz \u00fcr\u00fcn\u00fcn al\u0131nmas\u0131n\u0131n ard\u0131ndan bir onay e-postas\u0131 alacaks\u0131n\u0131z. L\u00fctfen tam i\u015fleme i\u00e7in ortalama 1-2 hafta bekleyin. Kalite G\u00fcvence departman\u0131m\u0131z iade edilen \u00fcr\u00fcn\u00fc inceleyecektir. A\u015f\u0131nma belirtileri g\u00f6steren veya \u00fczerinde de\u011fi\u015fiklik yap\u0131lm\u0131\u015f, yeniden boyutland\u0131r\u0131lm\u0131\u015f veya hasar g\u00f6rm\u00fc\u015f \u00fcr\u00fcnlerin iadesi kabul edilemez. L\u00fctfen bankan\u0131z\u0131n hesab\u0131n\u0131za kredi g\u00f6ndermesi i\u00e7in i\u015fleme koyulduktan sonra 7 - 10 g\u00fcn daha bekleyin.<\/p><h2>Uluslararas\u0131 \u0130ade<\/h2><h2>Olmayan<\/h2><p>Paketler alternatif ta\u015f\u0131y\u0131c\u0131lar (UPS ve Canada Post dahil ancak bunlarla s\u0131n\u0131rl\u0131 olmamak \u00fczere) arac\u0131l\u0131\u011f\u0131yla iade edilirse ek nakliye \u00fccretleri al\u0131nabilir. Fussini, paketin teslim al\u0131nmas\u0131 s\u0131ras\u0131nda tahakkuk eden t\u00fcm \u00fccretleri kredi kart\u0131n\u0131zdan tahsil etme hakk\u0131n\u0131 sakl\u0131 tutar. Ek \u00fccretlerden ka\u00e7\u0131nmak i\u00e7in, iadenizi tercih etti\u011fimiz Parcel Pro sigortal\u0131 FedEx ta\u015f\u0131y\u0131c\u0131m\u0131z arac\u0131l\u0131\u011f\u0131yla g\u00f6ndermenizi \u00f6neririz.<\/p><p>\u00c7in'e g\u00f6nderilen sipari\u015fler i\u00e7in 30 g\u00fcnl\u00fck s\u00fcre, sipari\u015finizi ald\u0131\u011f\u0131n\u0131z tarihten itibaren ba\u015flar. rezervasyon \u00fccreti iade edilmez.<\/p><h2>\u0130ade veya De\u011fi\u015fim Nas\u0131l Haz\u0131rlan\u0131r<\/h2><p>Fussini'ye bir p\u0131rlanta veya m\u00fccevheri iade etmek i\u00e7in a\u015fa\u011f\u0131daki s\u00fcreci takip edin:<\/p><ul><li>T\u00fcm iadeler i\u00e7in +561.889.2025 numaral\u0131 telefonu aray\u0131n ve size bir \u0130ade Yetki Kodu verilecektir. T\u00fcm iadeler i\u00e7in, orijinal faturan\u0131z\u0131n alt\u0131nda bulunan iade etiketine bu kodu yaz\u0131n. \u00c7\u0131kartmay\u0131 iade etti\u011finiz kutunun d\u0131\u015f\u0131na yap\u0131\u015ft\u0131r\u0131n.<\/li><li>\u0130adenizi Paketleyin. T\u00fcm orijinal ambalaj\u0131 ve ek materyalleri dahil olmak \u00fczere orijinal nakliye kutusunu kullanman\u0131z\u0131 \u00f6neririz. \u00d6\u011feniz bir elmas sertifikas\u0131yla teslim edildiyse ve bu sertifika iade edilmezse, 250 ABD Dolar\u0131 (veya di\u011fer para birimlerindeki e\u015fde\u011feri) de\u011fi\u015ftirme maliyetinden siz sorumlu olursunuz. G\u00fcvenlik nedeniyle, kutunun d\u0131\u015f\u0131nda herhangi bir yere Fussini yazmay\u0131n.<\/li><\/ul><p>Paketinizi Sigortalay\u0131n. E\u015fyalar\u0131n\u0131z\u0131 orijinal ambalaj malzemeleriyle, tamamen sigortal\u0131 olarak g\u00fcvenli bir \u015fekilde paketlemenizi \u00f6neririz. Kaybolan veya \u00e7al\u0131nan makalelerden sorumlu de\u011filiz. Size kolayl\u0131k sa\u011flamak i\u00e7in ve kendi takdirinize ba\u011fl\u0131 olarak, Parsel Pro arac\u0131l\u0131\u011f\u0131yla indirimli bir fiyatla sigorta sat\u0131n al\u0131nabilir. Sigorta, se\u00e7ti\u011finiz takdirde \u00e7evrimi\u00e7i bir uygulama arac\u0131l\u0131\u011f\u0131yla do\u011frudan Parcel Pro'dan sat\u0131n al\u0131nabilir.<\/p><h2>Nakliye \u00dccretleri<\/h2><p>\u00d6zel Ta\u015f\u0131ma ve di\u011fer ilgili masraflar dahil olmak \u00fczere nakliye \u00fccretleri iade edilmez. L\u00fctfen iadeleri kargoya vermeyin. Sipari\u015finizin herhangi bir k\u0131sm\u0131 hasar g\u00f6rm\u00fc\u015fse, \u00fcr\u00fcnleri iade etmeden \u00f6nce l\u00fctfen bizimle ileti\u015fime ge\u00e7in. Fussini, yap\u0131lan yetkisiz g\u00f6nderim masraflar\u0131n\u0131 size geri \u00f6demeyecektir. L\u00fctfen t\u00fcm nakliye malzemelerini FedEx'in teslim almas\u0131 ve\/veya incelemesi i\u00e7in saklay\u0131n.<\/p><p>\u00dcr\u00fcn\u00fc bize iade etmenizi talep edersek, tamamen veya k\u0131smen iade nakliye masraflar\u0131n\u0131 kendi takdirimize ba\u011fl\u0131 olarak size geri \u00f6deyebiliriz. Gecelik, ekspres veya sizin takdirinize ba\u011fl\u0131 olarak kullan\u0131lan di\u011fer \u00f6zel hizmetler i\u00e7in size geri \u00f6deme yapmayaca\u011f\u0131z.<\/p><h2>\u0130adeniz Fussini Taraf\u0131ndan Al\u0131nd\u0131ktan Sonra<\/h2><p>\u0130adeniz sistemimize ula\u015ft\u0131\u011f\u0131nda bir onay e-postas\u0131 alacaks\u0131n\u0131z. Sistem i\u015fleme Pazartesiden Cumaya kadar ger\u00e7ekle\u015fir. Ta\u015f\u0131y\u0131c\u0131n\u0131n \u00fcr\u00fcn\u00fc sistemimize almas\u0131 i\u00e7in l\u00fctfen ekibimize 24 saate kadar bir i\u015f g\u00fcn\u00fc s\u00fcre tan\u0131y\u0131n. \u0130ade Yetkilendirme kodunun al\u0131nmamas\u0131 veya Elmas Derecelendirme Raporlar\u0131n\u0131n dahil edilmemesi, iadenizin al\u0131nmas\u0131n\u0131 geciktirebilir.<\/p><p>\u0130adeniz, sistemimize girdikten sonra Kalite G\u00fcvence ekibimiz taraf\u0131ndan incelenmelidir. L\u00fctfen bu i\u015flem i\u00e7in 2-4 i\u015f g\u00fcn\u00fc bekleyin. \u0130adenizle ilgili herhangi bir sorunuz varsa, sizinle ileti\u015fime ge\u00e7ece\u011fiz. \u0130nceleme tamamland\u0131ktan sonra, iadeniz eksiksiz olarak i\u015fleme al\u0131nacakt\u0131r. Geri \u00f6demeler i\u00e7in l\u00fctfen 2-4 g\u00fcn daha bekleyin.<\/p><p>Bir iade g\u00f6nderisi bekliyorsan\u0131z, giden g\u00f6nderinin oldu\u011fu g\u00fcn bir g\u00f6nderi onay\u0131 alacaks\u0131n\u0131z. \u0130adenizin durumunu buradan takip edebilirsiniz. Fussini'den al\u0131\u015fveri\u015f yapt\u0131\u011f\u0131n\u0131z i\u00e7in te\u015fekk\u00fcr ederiz.\u00a0<\/p><h2>\u00d6deme Kart\u0131n\u0131za Kredi<\/h2><p>Kredi kart\u0131yla yap\u0131lan sat\u0131n almalar, PayPal sat\u0131n alma i\u015flemleri, orijinal sat\u0131n alma i\u015fleminde kullan\u0131lan kredi kart\u0131na veya hesaba iade edilecektir. Hesab\u0131n\u0131za yans\u0131t\u0131lmas\u0131 i\u00e7in Fussini'nin iadenizi ald\u0131\u011f\u0131 tarihten itibaren 2 haftaya kadar bekleyin. G\u00f6nderme y\u00f6nergeleri de\u011fi\u015febilece\u011fi i\u00e7in kredi kart\u0131 \u015firketinizle ileti\u015fime ge\u00e7mek isteyebilirsiniz. Banka havalesi kullanarak 1000 ABD Dolar\u0131 veya \u00fczerinde bir sat\u0131n alma i\u015flemi yapt\u0131ysan\u0131z ve Uluslararas\u0131 bir m\u00fc\u015fteriyseniz, geri \u00f6demeniz, iadenin al\u0131nd\u0131\u011f\u0131 tarihten itibaren yakla\u015f\u0131k 3 hafta s\u00fcrecektir. 1000 ABD Dolar\u0131n\u0131n alt\u0131ndaki banka havalesi al\u0131mlar\u0131 i\u00e7in l\u00fctfen 3-4 hafta bekleyin. Banka havalesi geri \u00f6demeleri, kaynakland\u0131klar\u0131 orijinal hesaba kar\u015f\u0131 g\u00f6nderilir<span style=\"background-color: #d5d5d5;\">.<\/span><\/p><h2>Sat\u0131\u015f Fiyat\u0131 Ayarlamalar\u0131<\/h2><p>Sat\u0131\u015f fiyat\u0131 ayarlamalar\u0131, aksi belirtilmedik\u00e7e, orijinal sevk tarihinden itibaren 7 g\u00fcn i\u00e7inde yap\u0131lmal\u0131d\u0131r. Fiyat ayarlamalar\u0131 ma\u011faza kredisi olarak sa\u011flanacakt\u0131r.<\/p><h2>Sipari\u015fi \u0130ptal Et veya De\u011fi\u015ftir<\/h2><p>Bir sipari\u015fi de\u011fi\u015ftirmek veya iptal etmek isterseniz, l\u00fctfen +561.889.2025 numaral\u0131 telefondan bir Fussini Dan\u0131\u015fman\u0131 aray\u0131n. Baz\u0131 de\u011fi\u015fiklikler nakliye gecikmesine neden olacakt\u0131r. \u00d6zel sipari\u015f taleplerinde ve\/veya halihaz\u0131rda sevk edilmi\u015f sipari\u015flerde de\u011fi\u015fiklik veya iptal i\u015flemlerini ger\u00e7ekle\u015ftiremiyoruz. Sipari\u015finiz zaten g\u00f6nderildiyse, g\u00f6nderiyi ald\u0131ktan sonra bir mal iadesi ayarlamak i\u00e7in l\u00fctfen bizimle ileti\u015fime ge\u00e7in.<\/p>\t\t\t\t\t\t\t\t<\/div>\n\t\t\t\t<\/div>\n\t\t\t\t\t<\/div>\n\t\t<\/div>\n\t\t\t\t\t<\/div>\n\t\t<\/section>\n\t\t\t\t<\/div>","protected":false},"excerpt":{"rendered":"<p>7-DAY MONEY BACK GUARANTEE Our 7-day money back guarantee gives you time to make sure your purchase is perfect. If<\/p>","protected":false},"author":1,"featured_media":0,"parent":0,"menu_order":0,"comment_status":"closed","ping_status":"closed","template":"","meta":{"footnotes":""},"class_list":["post-13","page","type-page","status-publish","hentry"],"_links":{"self":[{"href":"https:\/\/fussini.com\/tr\/wp-json\/wp\/v2\/pages\/13","targetHints":{"allow":["GET"]}}],"collection":[{"href":"https:\/\/fussini.com\/tr\/wp-json\/wp\/v2\/pages"}],"about":[{"href":"https:\/\/fussini.com\/tr\/wp-json\/wp\/v2\/types\/page"}],"author":[{"embeddable":true,"href":"https:\/\/fussini.com\/tr\/wp-json\/wp\/v2\/users\/1"}],"replies":[{"embeddable":true,"href":"https:\/\/fussini.com\/tr\/wp-json\/wp\/v2\/comments?post=13"}],"version-history":[{"count":8,"href":"https:\/\/fussini.com\/tr\/wp-json\/wp\/v2\/pages\/13\/revisions"}],"predecessor-version":[{"id":15769,"href":"https:\/\/fussini.com\/tr\/wp-json\/wp\/v2\/pages\/13\/revisions\/15769"}],"wp:attachment":[{"href":"https:\/\/fussini.com\/tr\/wp-json\/wp\/v2\/media?parent=13"}],"curies":[{"name":"wp","href":"https:\/\/api.w.org\/{rel}","templated":true}]}}