{"id":13189,"date":"2021-11-08T10:45:19","date_gmt":"2021-11-08T10:45:19","guid":{"rendered":"http:\/\/fussini.com\/?page_id=13189"},"modified":"2021-11-08T13:46:36","modified_gmt":"2021-11-08T13:46:36","slug":"shipping-services","status":"publish","type":"page","link":"https:\/\/fussini.com\/tr\/shipping-services\/","title":{"rendered":"Nakliye Hizmetleri"},"content":{"rendered":"<div data-elementor-type=\"wp-page\" data-elementor-id=\"13189\" class=\"elementor elementor-13189\" data-elementor-post-type=\"page\">\n\t\t\t\t\t\t<section class=\"wd-negative-gap elementor-section elementor-top-section elementor-element elementor-element-3eab933 elementor-section-boxed elementor-section-height-default elementor-section-height-default\" data-id=\"3eab933\" data-element_type=\"section\">\n\t\t\t\t\t\t<div class=\"elementor-container elementor-column-gap-default\">\n\t\t\t\t\t<div class=\"elementor-column elementor-col-100 elementor-top-column elementor-element elementor-element-7861932\" data-id=\"7861932\" data-element_type=\"column\">\n\t\t\t<div class=\"elementor-widget-wrap elementor-element-populated\">\n\t\t\t\t\t\t<div class=\"elementor-element elementor-element-f3fee2b color-scheme-inherit text-left elementor-widget elementor-widget-text-editor\" data-id=\"f3fee2b\" data-element_type=\"widget\" data-widget_type=\"text-editor.default\">\n\t\t\t\t<div class=\"elementor-widget-container\">\n\t\t\t\t\t\t\t\t\t<p>Al\u0131\u015fveri\u015ften nakliyeye kadar t\u00fcm deneyiminizi keyifli hale getirmeye kararl\u0131y\u0131z.<\/p><h2>\u00dccretsiz kargo<\/h2><p>Her sipari\u015fte h\u0131zl\u0131 ve \u00fccretsiz kargo sunuyoruz.<\/p><h2>Sigortal\u0131 ve Gizli Paketleme<\/h2><p>Sigortal\u0131 kargo kutumuz i\u00e7indekini ele vermez.<\/p><h2>G\u00fcvenli ve Kullan\u0131\u015fl\u0131 Alma Se\u00e7ene\u011fi<\/h2><p>Sipari\u015finizi bir Teslim Alma i\u00e7in FedEx Hold konumuna g\u00f6ndermeyi se\u00e7ebilirsiniz.<\/p>\t\t\t\t\t\t\t\t<\/div>\n\t\t\t\t<\/div>\n\t\t\t\t\t<\/div>\n\t\t<\/div>\n\t\t\t\t\t<\/div>\n\t\t<\/section>\n\t\t\t\t<\/div>","protected":false},"excerpt":{"rendered":"<p>We\u2019re committed to making your entire experience a pleasant one, from shopping to shipping. Free Shipping We offer fast and<\/p>","protected":false},"author":1,"featured_media":0,"parent":0,"menu_order":0,"comment_status":"closed","ping_status":"closed","template":"","meta":{"footnotes":""},"class_list":["post-13189","page","type-page","status-publish","hentry"],"_links":{"self":[{"href":"https:\/\/fussini.com\/tr\/wp-json\/wp\/v2\/pages\/13189","targetHints":{"allow":["GET"]}}],"collection":[{"href":"https:\/\/fussini.com\/tr\/wp-json\/wp\/v2\/pages"}],"about":[{"href":"https:\/\/fussini.com\/tr\/wp-json\/wp\/v2\/types\/page"}],"author":[{"embeddable":true,"href":"https:\/\/fussini.com\/tr\/wp-json\/wp\/v2\/users\/1"}],"replies":[{"embeddable":true,"href":"https:\/\/fussini.com\/tr\/wp-json\/wp\/v2\/comments?post=13189"}],"version-history":[{"count":4,"href":"https:\/\/fussini.com\/tr\/wp-json\/wp\/v2\/pages\/13189\/revisions"}],"predecessor-version":[{"id":13242,"href":"https:\/\/fussini.com\/tr\/wp-json\/wp\/v2\/pages\/13189\/revisions\/13242"}],"wp:attachment":[{"href":"https:\/\/fussini.com\/tr\/wp-json\/wp\/v2\/media?parent=13189"}],"curies":[{"name":"wp","href":"https:\/\/api.w.org\/{rel}","templated":true}]}}