{"id":12216,"date":"2021-11-06T12:24:37","date_gmt":"2021-11-06T12:24:37","guid":{"rendered":"http:\/\/fussini.com\/?post_type=product&#038;p=12216"},"modified":"2021-11-22T21:34:21","modified_gmt":"2021-11-22T21:34:21","slug":"vespa","status":"publish","type":"product","link":"https:\/\/fussini.com\/tr\/urun\/vespa\/","title":{"rendered":"Vespa"},"content":{"rendered":"<div data-elementor-type=\"wp-post\" data-elementor-id=\"12216\" class=\"elementor elementor-12216\" data-elementor-post-type=\"product\">\n\t\t\t\t\t\t<section class=\"wd-negative-gap elementor-section elementor-top-section elementor-element elementor-element-5d69997 elementor-section-content-top elementor-section-boxed elementor-section-height-default elementor-section-height-default\" data-id=\"5d69997\" data-element_type=\"section\">\n\t\t\t\t\t\t<div class=\"elementor-container elementor-column-gap-default\">\n\t\t\t\t\t<div class=\"elementor-column elementor-col-100 elementor-top-column elementor-element elementor-element-4debdf6\" data-id=\"4debdf6\" data-element_type=\"column\">\n\t\t\t<div class=\"elementor-widget-wrap elementor-element-populated\">\n\t\t\t\t\t\t<div class=\"elementor-element elementor-element-9458290 color-scheme-inherit text-left elementor-widget elementor-widget-text-editor\" data-id=\"9458290\" data-element_type=\"widget\" data-widget_type=\"text-editor.default\">\n\t\t\t\t<div class=\"elementor-widget-container\">\n\t\t\t\t\t\t\t\t\t<p>\u00a0<\/p><p>Farkl\u0131l\u0131\u011f\u0131 ve m\u00fckemmelli\u011fi yakalayan insanlara Fussini, l\u00fcks oyuncaklar\u0131n\u0131z\u0131 bir m\u00fccevhere d\u00f6n\u00fc\u015ft\u00fcr\u00fcyor.<\/p>\t\t\t\t\t\t\t\t<\/div>\n\t\t\t\t<\/div>\n\t\t\t\t\t<\/div>\n\t\t<\/div>\n\t\t\t\t\t<\/div>\n\t\t<\/section>\n\t\t\t\t<\/div>","protected":false},"excerpt":{"rendered":"<p>\u00a0 Farkl\u0131l\u0131\u011f\u0131 ve m\u00fckemmelli\u011fi yakalayan insanlara Fussini, l\u00fcks oyuncaklar\u0131n\u0131z\u0131 bir m\u00fccevhere d\u00f6n\u00fc\u015ft\u00fcr\u00fcyor.<\/p>","protected":false},"featured_media":12217,"comment_status":"closed","ping_status":"closed","template":"","meta":[],"product_brand":[],"product_cat":[19,75],"product_tag":[],"class_list":{"0":"post-12216","1":"product","2":"type-product","3":"status-publish","4":"has-post-thumbnail","6":"product_cat-motorcycle","7":"product_cat-vespa","9":"first","10":"instock","11":"shipping-taxable","12":"purchasable","13":"product-type-simple"},"_links":{"self":[{"href":"https:\/\/fussini.com\/tr\/wp-json\/wp\/v2\/product\/12216","targetHints":{"allow":["GET"]}}],"collection":[{"href":"https:\/\/fussini.com\/tr\/wp-json\/wp\/v2\/product"}],"about":[{"href":"https:\/\/fussini.com\/tr\/wp-json\/wp\/v2\/types\/product"}],"replies":[{"embeddable":true,"href":"https:\/\/fussini.com\/tr\/wp-json\/wp\/v2\/comments?post=12216"}],"version-history":[{"count":4,"href":"https:\/\/fussini.com\/tr\/wp-json\/wp\/v2\/product\/12216\/revisions"}],"predecessor-version":[{"id":13621,"href":"https:\/\/fussini.com\/tr\/wp-json\/wp\/v2\/product\/12216\/revisions\/13621"}],"wp:featuredmedia":[{"embeddable":true,"href":"https:\/\/fussini.com\/tr\/wp-json\/wp\/v2\/media\/12217"}],"wp:attachment":[{"href":"https:\/\/fussini.com\/tr\/wp-json\/wp\/v2\/media?parent=12216"}],"wp:term":[{"taxonomy":"product_brand","embeddable":true,"href":"https:\/\/fussini.com\/tr\/wp-json\/wp\/v2\/product_brand?post=12216"},{"taxonomy":"product_cat","embeddable":true,"href":"https:\/\/fussini.com\/tr\/wp-json\/wp\/v2\/product_cat?post=12216"},{"taxonomy":"product_tag","embeddable":true,"href":"https:\/\/fussini.com\/tr\/wp-json\/wp\/v2\/product_tag?post=12216"}],"curies":[{"name":"wp","href":"https:\/\/api.w.org\/{rel}","templated":true}]}}