{"id":13928,"date":"2021-11-23T12:18:57","date_gmt":"2021-11-23T12:18:57","guid":{"rendered":"https:\/\/fussini.com\/?post_type=product&#038;p=13928"},"modified":"2022-10-21T22:48:10","modified_gmt":"2022-10-22T02:48:10","slug":"double-moon-2","status":"publish","type":"product","link":"https:\/\/fussini.com\/tr\/urun\/double-moon-2\/","title":{"rendered":"Double Moon"},"content":{"rendered":"<div data-elementor-type=\"wp-post\" data-elementor-id=\"13928\" class=\"elementor elementor-13928\" data-elementor-post-type=\"product\">\n\t\t\t\t\t\t<section class=\"wd-negative-gap elementor-section elementor-top-section elementor-element elementor-element-2996abb elementor-section-content-top elementor-section-boxed elementor-section-height-default elementor-section-height-default\" data-id=\"2996abb\" data-element_type=\"section\">\n\t\t\t\t\t\t<div class=\"elementor-container elementor-column-gap-default\">\n\t\t\t\t\t<div class=\"elementor-column elementor-col-100 elementor-top-column elementor-element elementor-element-bed1379\" data-id=\"bed1379\" data-element_type=\"column\">\n\t\t\t<div class=\"elementor-widget-wrap elementor-element-populated\">\n\t\t\t\t\t\t<div class=\"elementor-element elementor-element-93170e0 color-scheme-inherit text-left elementor-widget elementor-widget-text-editor\" data-id=\"93170e0\" data-element_type=\"widget\" data-widget_type=\"text-editor.default\">\n\t\t\t\t<div class=\"elementor-widget-container\">\n\t\t\t\t\t\t\t\t\tFarkl\u0131l\u0131\u011f\u0131 ve m\u00fckemmelli\u011fi yakalayan insanlara Fussini, l\u00fcks oyuncaklar\u0131n\u0131z\u0131 bir m\u00fccevhere d\u00f6n\u00fc\u015ft\u00fcr\u00fcyor.\t\t\t\t\t\t\t\t<\/div>\n\t\t\t\t<\/div>\n\t\t\t\t\t<\/div>\n\t\t<\/div>\n\t\t\t\t\t<\/div>\n\t\t<\/section>\n\t\t\t\t<\/div>","protected":false},"excerpt":{"rendered":"<p>Arkada hem T\u00fcrk ay\u0131n\u0131 kaplayan hem de 18 Ayar Alt\u0131n-9,500 Dolar veya Metal (pirin\u00e7)-3,900 Dolar ile birle\u015ftirilen Teak a\u011fac\u0131yla kapl\u0131 mi\u011ffer<\/p>","protected":false},"featured_media":13823,"comment_status":"open","ping_status":"closed","template":"","meta":[],"product_brand":[],"product_cat":[31],"product_tag":[],"class_list":{"0":"post-13928","1":"product","2":"type-product","3":"status-publish","4":"has-post-thumbnail","6":"product_cat-helmets","8":"first","9":"instock","10":"shipping-taxable","11":"purchasable","12":"product-type-variable"},"_links":{"self":[{"href":"https:\/\/fussini.com\/tr\/wp-json\/wp\/v2\/product\/13928","targetHints":{"allow":["GET"]}}],"collection":[{"href":"https:\/\/fussini.com\/tr\/wp-json\/wp\/v2\/product"}],"about":[{"href":"https:\/\/fussini.com\/tr\/wp-json\/wp\/v2\/types\/product"}],"replies":[{"embeddable":true,"href":"https:\/\/fussini.com\/tr\/wp-json\/wp\/v2\/comments?post=13928"}],"version-history":[{"count":2,"href":"https:\/\/fussini.com\/tr\/wp-json\/wp\/v2\/product\/13928\/revisions"}],"predecessor-version":[{"id":15751,"href":"https:\/\/fussini.com\/tr\/wp-json\/wp\/v2\/product\/13928\/revisions\/15751"}],"wp:featuredmedia":[{"embeddable":true,"href":"https:\/\/fussini.com\/tr\/wp-json\/wp\/v2\/media\/13823"}],"wp:attachment":[{"href":"https:\/\/fussini.com\/tr\/wp-json\/wp\/v2\/media?parent=13928"}],"wp:term":[{"taxonomy":"product_brand","embeddable":true,"href":"https:\/\/fussini.com\/tr\/wp-json\/wp\/v2\/product_brand?post=13928"},{"taxonomy":"product_cat","embeddable":true,"href":"https:\/\/fussini.com\/tr\/wp-json\/wp\/v2\/product_cat?post=13928"},{"taxonomy":"product_tag","embeddable":true,"href":"https:\/\/fussini.com\/tr\/wp-json\/wp\/v2\/product_tag?post=13928"}],"curies":[{"name":"wp","href":"https:\/\/api.w.org\/{rel}","templated":true}]}}