{"id":14103,"date":"2021-11-23T23:24:18","date_gmt":"2021-11-23T23:24:18","guid":{"rendered":"https:\/\/fussini.com\/?post_type=product&#038;p=14103"},"modified":"2025-09-24T13:27:35","modified_gmt":"2025-09-24T17:27:35","slug":"maserati-millemiglia-3","status":"publish","type":"product","link":"https:\/\/fussini.com\/tr\/urun\/maserati-millemiglia-3\/","title":{"rendered":"Maserati Millemiglia"},"content":{"rendered":"<div data-elementor-type=\"wp-post\" data-elementor-id=\"14103\" class=\"elementor elementor-14103\" data-elementor-post-type=\"product\">\n\t\t\t\t\t\t<section class=\"wd-negative-gap elementor-section elementor-top-section elementor-element elementor-element-2996abb elementor-section-content-top elementor-section-boxed elementor-section-height-default elementor-section-height-default\" data-id=\"2996abb\" data-element_type=\"section\">\n\t\t\t\t\t\t<div class=\"elementor-container elementor-column-gap-default\">\n\t\t\t\t\t<div class=\"elementor-column elementor-col-100 elementor-top-column elementor-element elementor-element-bed1379\" data-id=\"bed1379\" data-element_type=\"column\">\n\t\t\t<div class=\"elementor-widget-wrap elementor-element-populated\">\n\t\t\t\t\t\t<div class=\"elementor-element elementor-element-93170e0 color-scheme-inherit text-left elementor-widget elementor-widget-text-editor\" data-id=\"93170e0\" data-element_type=\"widget\" data-widget_type=\"text-editor.default\">\n\t\t\t\t<div class=\"elementor-widget-container\">\n\t\t\t\t\t\t\t\t\tFarkl\u0131l\u0131\u011f\u0131 ve m\u00fckemmelli\u011fi yakalayan insanlara Fussini, l\u00fcks oyuncaklar\u0131n\u0131z\u0131 bir m\u00fccevhere d\u00f6n\u00fc\u015ft\u00fcr\u00fcyor.\t\t\t\t\t\t\t\t<\/div>\n\t\t\t\t<\/div>\n\t\t\t\t\t<\/div>\n\t\t<\/div>\n\t\t\t\t\t<\/div>\n\t\t<\/section>\n\t\t\t\t<\/div>","protected":false},"excerpt":{"rendered":"<p>Farkl\u0131l\u0131\u011f\u0131 ve m\u00fckemmelli\u011fi yakalayan insanlara Fussini, l\u00fcks oyuncaklar\u0131n\u0131z\u0131 bir m\u00fccevhere d\u00f6n\u00fc\u015ft\u00fcr\u00fcyor.<\/p>","protected":false},"featured_media":14107,"comment_status":"open","ping_status":"closed","template":"","meta":[],"product_brand":[],"product_cat":[27,82],"product_tag":[],"class_list":{"0":"post-14103","1":"product","2":"type-product","3":"status-publish","4":"has-post-thumbnail","6":"product_cat-cars","7":"product_cat-1maserati","9":"first","10":"instock","11":"shipping-taxable","12":"purchasable","13":"product-type-simple"},"_links":{"self":[{"href":"https:\/\/fussini.com\/tr\/wp-json\/wp\/v2\/product\/14103","targetHints":{"allow":["GET"]}}],"collection":[{"href":"https:\/\/fussini.com\/tr\/wp-json\/wp\/v2\/product"}],"about":[{"href":"https:\/\/fussini.com\/tr\/wp-json\/wp\/v2\/types\/product"}],"replies":[{"embeddable":true,"href":"https:\/\/fussini.com\/tr\/wp-json\/wp\/v2\/comments?post=14103"}],"version-history":[{"count":2,"href":"https:\/\/fussini.com\/tr\/wp-json\/wp\/v2\/product\/14103\/revisions"}],"predecessor-version":[{"id":14109,"href":"https:\/\/fussini.com\/tr\/wp-json\/wp\/v2\/product\/14103\/revisions\/14109"}],"wp:featuredmedia":[{"embeddable":true,"href":"https:\/\/fussini.com\/tr\/wp-json\/wp\/v2\/media\/14107"}],"wp:attachment":[{"href":"https:\/\/fussini.com\/tr\/wp-json\/wp\/v2\/media?parent=14103"}],"wp:term":[{"taxonomy":"product_brand","embeddable":true,"href":"https:\/\/fussini.com\/tr\/wp-json\/wp\/v2\/product_brand?post=14103"},{"taxonomy":"product_cat","embeddable":true,"href":"https:\/\/fussini.com\/tr\/wp-json\/wp\/v2\/product_cat?post=14103"},{"taxonomy":"product_tag","embeddable":true,"href":"https:\/\/fussini.com\/tr\/wp-json\/wp\/v2\/product_tag?post=14103"}],"curies":[{"name":"wp","href":"https:\/\/api.w.org\/{rel}","templated":true}]}}